{"id":1180,"date":"2021-07-24T10:02:14","date_gmt":"2021-07-24T08:02:14","guid":{"rendered":"https:\/\/rur-online.com\/?page_id=1180"},"modified":"2026-01-29T09:35:56","modified_gmt":"2026-01-29T08:35:56","slug":"impressum","status":"publish","type":"page","link":"https:\/\/rur-online.com\/en\/impressum\/","title":{"rendered":"Legal notice"},"content":{"rendered":"<div data-elementor-type=\"wp-page\" data-elementor-id=\"1180\" class=\"elementor elementor-1180\" data-elementor-post-type=\"page\">\n\t\t\t\t\t\t<section class=\"elementor-section elementor-top-section elementor-element elementor-element-cd2ab4f elementor-section-height-min-height elementor-section-boxed elementor-section-height-default elementor-section-items-middle\" data-id=\"cd2ab4f\" data-element_type=\"section\" data-settings=\"{&quot;background_background&quot;:&quot;classic&quot;}\">\n\t\t\t\t\t\t\t<div class=\"elementor-background-overlay\"><\/div>\n\t\t\t\t\t\t\t<div class=\"elementor-container elementor-column-gap-default\">\n\t\t\t\t\t<div class=\"elementor-column elementor-col-100 elementor-top-column elementor-element elementor-element-7ccd3a8e\" data-id=\"7ccd3a8e\" data-element_type=\"column\">\n\t\t\t<div class=\"elementor-widget-wrap elementor-element-populated\">\n\t\t\t\t\t\t<div class=\"elementor-element elementor-element-d5dc0b2 elementor-widget elementor-widget-heading\" data-id=\"d5dc0b2\" data-element_type=\"widget\" data-widget_type=\"heading.default\">\n\t\t\t\t<div class=\"elementor-widget-container\">\n\t\t\t\t\t<h1 class=\"elementor-heading-title elementor-size-default\">Legal notice<\/h1>\t\t\t\t<\/div>\n\t\t\t\t<\/div>\n\t\t\t\t<div class=\"elementor-element elementor-element-2402475e elementor-widget elementor-widget-heading\" data-id=\"2402475e\" data-element_type=\"widget\" data-widget_type=\"heading.default\">\n\t\t\t\t<div class=\"elementor-widget-container\">\n\t\t\t\t\t<p class=\"elementor-heading-title elementor-size-default\">These are the people responsible<\/p>\t\t\t\t<\/div>\n\t\t\t\t<\/div>\n\t\t\t\t\t<\/div>\n\t\t<\/div>\n\t\t\t\t\t<\/div>\n\t\t<\/section>\n\t\t\t\t<section class=\"elementor-section elementor-top-section elementor-element elementor-element-54bbaf9 elementor-section-boxed elementor-section-height-default elementor-section-height-default\" data-id=\"54bbaf9\" data-element_type=\"section\" data-settings=\"{&quot;background_background&quot;:&quot;classic&quot;}\">\n\t\t\t\t\t\t<div class=\"elementor-container elementor-column-gap-default\">\n\t\t\t\t\t<div class=\"elementor-column elementor-col-100 elementor-top-column elementor-element elementor-element-ca17056\" data-id=\"ca17056\" data-element_type=\"column\">\n\t\t\t<div class=\"elementor-widget-wrap elementor-element-populated\">\n\t\t\t\t\t\t<div class=\"elementor-element elementor-element-cc94dea elementor-invisible elementor-widget elementor-widget-heading\" data-id=\"cc94dea\" data-element_type=\"widget\" data-settings=\"{&quot;_animation&quot;:&quot;fadeInUp&quot;}\" data-widget_type=\"heading.default\">\n\t\t\t\t<div class=\"elementor-widget-container\">\n\t\t\t\t\t<h2 class=\"elementor-heading-title elementor-size-default\">All at a glance<\/h2>\t\t\t\t<\/div>\n\t\t\t\t<\/div>\n\t\t\t\t<section class=\"elementor-section elementor-inner-section elementor-element elementor-element-173f042 elementor-section-boxed elementor-section-height-default elementor-section-height-default\" data-id=\"173f042\" data-element_type=\"section\">\n\t\t\t\t\t\t<div class=\"elementor-container elementor-column-gap-default\">\n\t\t\t\t\t<div class=\"elementor-column elementor-col-100 elementor-inner-column elementor-element elementor-element-00ee65b\" data-id=\"00ee65b\" data-element_type=\"column\" data-settings=\"{&quot;background_background&quot;:&quot;classic&quot;}\">\n\t\t\t<div class=\"elementor-widget-wrap elementor-element-populated\">\n\t\t\t\t\t\t<div class=\"elementor-element elementor-element-e632f7e elementor-widget elementor-widget-text-editor\" data-id=\"e632f7e\" data-element_type=\"widget\" data-widget_type=\"text-editor.default\">\n\t\t\t\t<div class=\"elementor-widget-container\">\n\t\t\t\t\t\t\t\t\t<h2>Legal notice<\/h2><p>The information on this homepage is compiled with care and regularly updated. The company Rottler and R\u00fcdiger and Partner GmbH accept no liability for transmission errors or warranty for the topicality, correctness and completeness of the information.<\/p><h2>Links<\/h2><p>Rottler und R\u00fcdiger and Partner GmbH accepts no liability or warranty for the content of internet sites we refer to whether directly or indirectly. Visits to these internet sites are at your own risk.<\/p><h2>Copyright<\/h2><p>Rottler and R\u00fcdiger and Partner GmbH reserve all rights to the information posted on this homepage (text, pictures, graphics, brands, etc.). They are protected by copyright and other intellectual property laws. The reproduction, duplication or other use of the contents on our website require the prior written approval from Rottler and R\u00fcdiger and Partner GmbH.<\/p><h2>Editorial Staff<\/h2><p>Carolin Rottler<br \/>Phone:\u00a0<a href=\"tel:+49 9101 \/ 99 47 - 0\">+49 9101 \/ 99 47 &#8211; 0<\/a><br \/>Fax: +49 9101 \/ 99 47 &#8211; 20<br \/><a href=\"mailto:c.rottler@rottler-ruediger.de\">c.rottler@rottler-ruediger.de<\/a><\/p><h2>Service Provider<\/h2><h3>Rottler und R\u00fcdiger und Partner GmbH<\/h3><p>M\u00fchlsteig 57<br \/>90579 Langenzenn<br \/>Germany<\/p><p>Managing Directors<br \/>Roland Rottler, Stefan Rottler<\/p><p>email:\u00a0<a href=\"mailto:info@rottler-ruediger.de\">info@rottler-ruediger.de<\/a><\/p><p>Registered at District Court of F\u00fcrth<br \/>HB-No.: 2362<br \/>UST-ID No.: DE 132 758 716<\/p><h3>MPK &#8211; Modelle-Profile-Konfektion GmbH<\/h3><p>M\u00fchlsteig 57<br \/>90579 Langenzenn<br \/>Germany<\/p><p>Managing Directors<br \/>Tobias Ott, Roland Rottler, Stefan Rottler<\/p><p>email:\u00a0<a href=\"mailto:info@rottler-ruediger.de\">info@rottler-ruediger.de<\/a><\/p><p>Registered at District Court of F\u00fcrth<br \/>HB-No.: 7143<br \/>UST-ID No.: DE 812 550 228<\/p><h3>R&amp;R Sonnenschutztechnik GmbH<\/h3><p>M\u00fchlsteig 57<br \/>90579 Langenzenn<br \/>Germany<\/p><p>Managing Directors<br \/>Roland Rottler<\/p><p>email:\u00a0<a href=\"mailto:info@rottler-ruediger.de\">info@rottler-ruediger.de<\/a><\/p><p>Registered at District Court of F\u00fcrth<br \/>HB-No.: 10906<br \/>UST-ID No.: DE 253 633 337<\/p>\t\t\t\t\t\t\t\t<\/div>\n\t\t\t\t<\/div>\n\t\t\t\t\t<\/div>\n\t\t<\/div>\n\t\t\t\t\t<\/div>\n\t\t<\/section>\n\t\t\t\t\t<\/div>\n\t\t<\/div>\n\t\t\t\t\t<\/div>\n\t\t<\/section>\n\t\t\t\t<section class=\"elementor-section elementor-top-section elementor-element elementor-element-af9769c envato-kit-141-top-0 elementor-reverse-mobile elementor-section-full_width elementor-section-height-default elementor-section-height-default\" data-id=\"af9769c\" data-element_type=\"section\" data-settings=\"{&quot;background_background&quot;:&quot;gradient&quot;}\">\n\t\t\t\t\t\t\t<div class=\"elementor-background-overlay\"><\/div>\n\t\t\t\t\t\t\t<div class=\"elementor-container elementor-column-gap-wider\">\n\t\t\t\t\t<div class=\"elementor-column elementor-col-25 elementor-top-column elementor-element elementor-element-afc9242\" data-id=\"afc9242\" data-element_type=\"column\" data-settings=\"{&quot;background_background&quot;:&quot;classic&quot;}\">\n\t\t\t<div class=\"elementor-widget-wrap elementor-element-populated\">\n\t\t\t\t\t\t<div class=\"elementor-element elementor-element-5256e6a elementor-invisible elementor-widget elementor-widget-text-editor\" data-id=\"5256e6a\" data-element_type=\"widget\" data-settings=\"{&quot;_animation&quot;:&quot;fadeIn&quot;,&quot;_animation_delay&quot;:100}\" data-widget_type=\"text-editor.default\">\n\t\t\t\t<div class=\"elementor-widget-container\">\n\t\t\t\t\t\t\t\t\t<p>\u00a9 2026, Rottler und R\u00fcdiger und Partner GmbH. All rights reserved.<\/p>\t\t\t\t\t\t\t\t<\/div>\n\t\t\t\t<\/div>\n\t\t\t\t\t<\/div>\n\t\t<\/div>\n\t\t\t\t<div class=\"elementor-column elementor-col-25 elementor-top-column elementor-element elementor-element-a78204b\" data-id=\"a78204b\" data-element_type=\"column\" data-settings=\"{&quot;background_background&quot;:&quot;classic&quot;}\">\n\t\t\t<div class=\"elementor-widget-wrap elementor-element-populated\">\n\t\t\t\t\t\t<div class=\"elementor-element elementor-element-71afff0 elementor-shape-rounded elementor-grid-0 e-grid-align-center elementor-widget elementor-widget-social-icons\" data-id=\"71afff0\" data-element_type=\"widget\" data-widget_type=\"social-icons.default\">\n\t\t\t\t<div class=\"elementor-widget-container\">\n\t\t\t\t\t\t\t<div class=\"elementor-social-icons-wrapper elementor-grid\">\n\t\t\t\t\t\t\t<span class=\"elementor-grid-item\">\n\t\t\t\t\t<a class=\"elementor-icon elementor-social-icon elementor-social-icon-instagram elementor-repeater-item-6d245b2\" href=\"https:\/\/www.instagram.com\/rur_group\/\" target=\"_blank\">\n\t\t\t\t\t\t<span class=\"elementor-screen-only\">Instagram<\/span>\n\t\t\t\t\t\t<i class=\"fab fa-instagram\"><\/i>\t\t\t\t\t<\/a>\n\t\t\t\t<\/span>\n\t\t\t\t\t\t\t<span class=\"elementor-grid-item\">\n\t\t\t\t\t<a class=\"elementor-icon elementor-social-icon elementor-social-icon-linkedin elementor-repeater-item-df08c98\" href=\"https:\/\/www.linkedin.com\/company\/7268493\" target=\"_blank\">\n\t\t\t\t\t\t<span class=\"elementor-screen-only\">Linkedin<\/span>\n\t\t\t\t\t\t<i class=\"fab fa-linkedin\"><\/i>\t\t\t\t\t<\/a>\n\t\t\t\t<\/span>\n\t\t\t\t\t\t\t<span class=\"elementor-grid-item\">\n\t\t\t\t\t<a class=\"elementor-icon elementor-social-icon elementor-social-icon-vimeo elementor-repeater-item-1038874\" href=\"https:\/\/vimeo.com\/rottlerruediger\" target=\"_blank\">\n\t\t\t\t\t\t<span class=\"elementor-screen-only\">Vimeo<\/span>\n\t\t\t\t\t\t<i class=\"fab fa-vimeo\"><\/i>\t\t\t\t\t<\/a>\n\t\t\t\t<\/span>\n\t\t\t\t\t<\/div>\n\t\t\t\t\t\t<\/div>\n\t\t\t\t<\/div>\n\t\t\t\t\t<\/div>\n\t\t<\/div>\n\t\t\t\t<div class=\"elementor-column elementor-col-25 elementor-top-column elementor-element elementor-element-2d419df\" data-id=\"2d419df\" data-element_type=\"column\" data-settings=\"{&quot;background_background&quot;:&quot;classic&quot;}\">\n\t\t\t<div class=\"elementor-widget-wrap elementor-element-populated\">\n\t\t\t\t\t\t<div class=\"elementor-element elementor-element-c452f53 elementor-icon-list--layout-inline elementor-align-center elementor-mobile-align-center elementor-list-item-link-full_width elementor-invisible elementor-widget elementor-widget-icon-list\" data-id=\"c452f53\" data-element_type=\"widget\" data-settings=\"{&quot;_animation&quot;:&quot;fadeIn&quot;,&quot;_animation_delay&quot;:300}\" data-widget_type=\"icon-list.default\">\n\t\t\t\t<div class=\"elementor-widget-container\">\n\t\t\t\t\t\t\t<ul class=\"elementor-icon-list-items elementor-inline-items\">\n\t\t\t\t\t\t\t<li class=\"elementor-icon-list-item elementor-inline-item\">\n\t\t\t\t\t\t\t\t\t\t\t<a href=\"https:\/\/rur-online.com\/en\/impressum\/\">\n\n\t\t\t\t\t\t\t\t\t\t\t<span class=\"elementor-icon-list-text\">Legal notice<\/span>\n\t\t\t\t\t\t\t\t\t\t\t<\/a>\n\t\t\t\t\t\t\t\t\t<\/li>\n\t\t\t\t\t\t\t\t<li class=\"elementor-icon-list-item elementor-inline-item\">\n\t\t\t\t\t\t\t\t\t\t\t<a href=\"https:\/\/rur-online.com\/en\/datenschutz\/\">\n\n\t\t\t\t\t\t\t\t\t\t\t<span class=\"elementor-icon-list-text\">Privacy Policy<\/span>\n\t\t\t\t\t\t\t\t\t\t\t<\/a>\n\t\t\t\t\t\t\t\t\t<\/li>\n\t\t\t\t\t\t\t\t<li class=\"elementor-icon-list-item elementor-inline-item\">\n\t\t\t\t\t\t\t\t\t\t\t<a href=\"https:\/\/rur-online.com\/en\/agb\/\">\n\n\t\t\t\t\t\t\t\t\t\t\t<span class=\"elementor-icon-list-text\">Terms and Conditions<\/span>\n\t\t\t\t\t\t\t\t\t\t\t<\/a>\n\t\t\t\t\t\t\t\t\t<\/li>\n\t\t\t\t\t\t<\/ul>\n\t\t\t\t\t\t<\/div>\n\t\t\t\t<\/div>\n\t\t\t\t\t<\/div>\n\t\t<\/div>\n\t\t\t\t<div class=\"elementor-column elementor-col-25 elementor-top-column elementor-element elementor-element-1b2fe9e\" data-id=\"1b2fe9e\" data-element_type=\"column\">\n\t\t\t<div class=\"elementor-widget-wrap elementor-element-populated\">\n\t\t\t\t\t\t<div class=\"elementor-element elementor-element-4de8d92 elementor-widget elementor-widget-image\" data-id=\"4de8d92\" data-element_type=\"widget\" data-widget_type=\"image.default\">\n\t\t\t\t<div class=\"elementor-widget-container\">\n\t\t\t\t\t\t\t\t\t\t\t\t\t\t\t<img decoding=\"async\" src=\"https:\/\/rur-online.com\/wp-content\/uploads\/elementor\/thumbs\/9001_eng_tc_p_graustufen-pqz06udaxghy1tg8ieylyrgl27h6fxz7gal7u1a022.png\" title=\"Dekra Zertifizierung Icon\" alt=\"Icon der Dekra Zertifizierung\" loading=\"lazy\" \/>\t\t\t\t\t\t\t\t\t\t\t\t\t\t\t<\/div>\n\t\t\t\t<\/div>\n\t\t\t\t\t<\/div>\n\t\t<\/div>\n\t\t\t\t\t<\/div>\n\t\t<\/section>\n\t\t\t\t<\/div>","protected":false},"excerpt":{"rendered":"<p>Impressum Das sind die Verantwortlichen Alles auf einen Blick Rechtlicher Hinweis Die Informationen auf dieser Homepage werden mit Sorgfalt zusammengestellt und regelm\u00e4\u00dfig aktualisiert. Die Firmen der Rottler und R\u00fcdiger und Partner GmbH \u00fcbernehmen dennoch keine Haftung f\u00fcr \u00dcbertragungsfehler oder Garantie f\u00fcr die Aktualit\u00e4t, Richtigkeit und Vollst\u00e4ndigkeit der Angaben. Links F\u00fcr die Inhalte der Internetseiten, auf [&hellip;]<\/p>\n","protected":false},"author":2,"featured_media":0,"parent":0,"menu_order":0,"comment_status":"closed","ping_status":"closed","template":"","meta":{"ocean_post_layout":"full-screen","ocean_both_sidebars_style":"","ocean_both_sidebars_content_width":0,"ocean_both_sidebars_sidebars_width":0,"ocean_sidebar":"0","ocean_second_sidebar":"0","ocean_disable_margins":"enable","ocean_add_body_class":"","ocean_shortcode_before_top_bar":"","ocean_shortcode_after_top_bar":"","ocean_shortcode_before_header":"","ocean_shortcode_after_header":"","ocean_has_shortcode":"","ocean_shortcode_after_title":"","ocean_shortcode_before_footer_widgets":"","ocean_shortcode_after_footer_widgets":"","ocean_shortcode_before_footer_bottom":"","ocean_shortcode_after_footer_bottom":"","ocean_display_top_bar":"on","ocean_display_header":"on","ocean_header_style":"","ocean_center_header_left_menu":"0","ocean_custom_header_template":"0","ocean_custom_logo":0,"ocean_custom_retina_logo":0,"ocean_custom_logo_max_width":0,"ocean_custom_logo_tablet_max_width":0,"ocean_custom_logo_mobile_max_width":0,"ocean_custom_logo_max_height":0,"ocean_custom_logo_tablet_max_height":0,"ocean_custom_logo_mobile_max_height":0,"ocean_header_custom_menu":"0","ocean_menu_typo_font_family":"0","ocean_menu_typo_font_subset":"","ocean_menu_typo_font_size":0,"ocean_menu_typo_font_size_tablet":0,"ocean_menu_typo_font_size_mobile":0,"ocean_menu_typo_font_size_unit":"px","ocean_menu_typo_font_weight":"","ocean_menu_typo_font_weight_tablet":"","ocean_menu_typo_font_weight_mobile":"","ocean_menu_typo_transform":"","ocean_menu_typo_transform_tablet":"","ocean_menu_typo_transform_mobile":"","ocean_menu_typo_line_height":0,"ocean_menu_typo_line_height_tablet":0,"ocean_menu_typo_line_height_mobile":0,"ocean_menu_typo_line_height_unit":"","ocean_menu_typo_spacing":0,"ocean_menu_typo_spacing_tablet":0,"ocean_menu_typo_spacing_mobile":0,"ocean_menu_typo_spacing_unit":"","ocean_menu_link_color":"","ocean_menu_link_color_hover":"","ocean_menu_link_color_active":"","ocean_menu_link_background":"","ocean_menu_link_hover_background":"","ocean_menu_link_active_background":"","ocean_menu_social_links_bg":"","ocean_menu_social_hover_links_bg":"","ocean_menu_social_links_color":"","ocean_menu_social_hover_links_color":"","ocean_disable_title":"on","ocean_disable_heading":"default","ocean_post_title":"","ocean_post_subheading":"","ocean_post_title_style":"","ocean_post_title_background_color":"","ocean_post_title_background":0,"ocean_post_title_bg_image_position":"","ocean_post_title_bg_image_attachment":"","ocean_post_title_bg_image_repeat":"","ocean_post_title_bg_image_size":"","ocean_post_title_height":0,"ocean_post_title_bg_overlay":0.5,"ocean_post_title_bg_overlay_color":"","ocean_disable_breadcrumbs":"default","ocean_breadcrumbs_color":"","ocean_breadcrumbs_separator_color":"","ocean_breadcrumbs_links_color":"","ocean_breadcrumbs_links_hover_color":"","ocean_display_footer_widgets":"off","ocean_display_footer_bottom":"off","ocean_custom_footer_template":"0","footnotes":""},"class_list":["post-1180","page","type-page","status-publish","hentry","entry"],"yoast_head":"<!-- This site is optimized with the Yoast SEO plugin v27.0 - https:\/\/yoast.com\/product\/yoast-seo-wordpress\/ -->\n<title>Impressum - R&amp;R Group<\/title>\n<meta name=\"robots\" content=\"index, follow, max-snippet:-1, max-image-preview:large, max-video-preview:-1\" \/>\n<link rel=\"canonical\" href=\"https:\/\/rur-online.com\/en\/impressum\/\" \/>\n<meta property=\"og:locale\" content=\"en_GB\" \/>\n<meta property=\"og:type\" content=\"article\" \/>\n<meta property=\"og:title\" content=\"Impressum - R&amp;R Group\" \/>\n<meta property=\"og:description\" content=\"Impressum Das sind die Verantwortlichen Alles auf einen Blick Rechtlicher Hinweis Die Informationen auf dieser Homepage werden mit Sorgfalt zusammengestellt und regelm\u00e4\u00dfig aktualisiert. Die Firmen der Rottler und R\u00fcdiger und Partner GmbH \u00fcbernehmen dennoch keine Haftung f\u00fcr \u00dcbertragungsfehler oder Garantie f\u00fcr die Aktualit\u00e4t, Richtigkeit und Vollst\u00e4ndigkeit der Angaben. Links F\u00fcr die Inhalte der Internetseiten, auf [&hellip;]\" \/>\n<meta property=\"og:url\" content=\"https:\/\/rur-online.com\/en\/impressum\/\" \/>\n<meta property=\"og:site_name\" content=\"R&amp;R Group\" \/>\n<meta property=\"article:modified_time\" content=\"2026-01-29T08:35:56+00:00\" \/>\n<meta property=\"og:image\" content=\"https:\/\/rur-online.com\/wp-content\/uploads\/elementor\/thumbs\/9001_eng_tc_p_graustufen-pqz06udaxghy1tg8ieylyrgl27h6fxz7gal7u1a022.png\" \/>\n<meta name=\"twitter:card\" content=\"summary_large_image\" \/>\n<meta name=\"twitter:label1\" content=\"Estimated reading time\" \/>\n\t<meta name=\"twitter:data1\" content=\"2 minutes\" \/>\n<script type=\"application\/ld+json\" class=\"yoast-schema-graph\">{\"@context\":\"https:\/\/schema.org\",\"@graph\":[{\"@type\":\"WebPage\",\"@id\":\"https:\/\/rur-online.com\/impressum\/\",\"url\":\"https:\/\/rur-online.com\/impressum\/\",\"name\":\"Impressum - R&amp;R Group\",\"isPartOf\":{\"@id\":\"https:\/\/rur-online.com\/#website\"},\"primaryImageOfPage\":{\"@id\":\"https:\/\/rur-online.com\/impressum\/#primaryimage\"},\"image\":{\"@id\":\"https:\/\/rur-online.com\/impressum\/#primaryimage\"},\"thumbnailUrl\":\"https:\/\/rur-online.com\/wp-content\/uploads\/elementor\/thumbs\/9001_eng_tc_p_graustufen-pqz06udaxghy1tg8ieylyrgl27h6fxz7gal7u1a022.png\",\"datePublished\":\"2021-07-24T08:02:14+00:00\",\"dateModified\":\"2026-01-29T08:35:56+00:00\",\"breadcrumb\":{\"@id\":\"https:\/\/rur-online.com\/impressum\/#breadcrumb\"},\"inLanguage\":\"en-GB\",\"potentialAction\":[{\"@type\":\"ReadAction\",\"target\":[\"https:\/\/rur-online.com\/impressum\/\"]}]},{\"@type\":\"ImageObject\",\"inLanguage\":\"en-GB\",\"@id\":\"https:\/\/rur-online.com\/impressum\/#primaryimage\",\"url\":\"https:\/\/rur-online.com\/wp-content\/uploads\/elementor\/thumbs\/9001_eng_tc_p_graustufen-pqz06udaxghy1tg8ieylyrgl27h6fxz7gal7u1a022.png\",\"contentUrl\":\"https:\/\/rur-online.com\/wp-content\/uploads\/elementor\/thumbs\/9001_eng_tc_p_graustufen-pqz06udaxghy1tg8ieylyrgl27h6fxz7gal7u1a022.png\"},{\"@type\":\"BreadcrumbList\",\"@id\":\"https:\/\/rur-online.com\/impressum\/#breadcrumb\",\"itemListElement\":[{\"@type\":\"ListItem\",\"position\":1,\"name\":\"Home\",\"item\":\"https:\/\/rur-online.com\/\"},{\"@type\":\"ListItem\",\"position\":2,\"name\":\"Impressum\"}]},{\"@type\":\"WebSite\",\"@id\":\"https:\/\/rur-online.com\/#website\",\"url\":\"https:\/\/rur-online.com\/\",\"name\":\"R&amp;R Group\",\"description\":\"Der kompetente Partner f\u00fcr die Isolierglasindustrie\",\"publisher\":{\"@id\":\"https:\/\/rur-online.com\/#organization\"},\"potentialAction\":[{\"@type\":\"SearchAction\",\"target\":{\"@type\":\"EntryPoint\",\"urlTemplate\":\"https:\/\/rur-online.com\/?s={search_term_string}\"},\"query-input\":{\"@type\":\"PropertyValueSpecification\",\"valueRequired\":true,\"valueName\":\"search_term_string\"}}],\"inLanguage\":\"en-GB\"},{\"@type\":\"Organization\",\"@id\":\"https:\/\/rur-online.com\/#organization\",\"name\":\"Rottler und R\u00fcdiger und Partner GmbH\",\"url\":\"https:\/\/rur-online.com\/\",\"logo\":{\"@type\":\"ImageObject\",\"inLanguage\":\"en-GB\",\"@id\":\"https:\/\/rur-online.com\/#\/schema\/logo\/image\/\",\"url\":\"https:\/\/rur-online.com\/wp-content\/uploads\/2021\/04\/cropped-cropped-RRPgrossRow.png\",\"contentUrl\":\"https:\/\/rur-online.com\/wp-content\/uploads\/2021\/04\/cropped-cropped-RRPgrossRow.png\",\"width\":400,\"height\":400,\"caption\":\"Rottler und R\u00fcdiger und Partner GmbH\"},\"image\":{\"@id\":\"https:\/\/rur-online.com\/#\/schema\/logo\/image\/\"},\"sameAs\":[\"https:\/\/www.instagram.com\/rur_group\/\",\"https:\/\/www.linkedin.com\/company\/7268493\"]}]}<\/script>\n<!-- \/ Yoast SEO plugin. -->","yoast_head_json":{"title":"Impressum - R&amp;R Group","robots":{"index":"index","follow":"follow","max-snippet":"max-snippet:-1","max-image-preview":"max-image-preview:large","max-video-preview":"max-video-preview:-1"},"canonical":"https:\/\/rur-online.com\/en\/impressum\/","og_locale":"en_GB","og_type":"article","og_title":"Impressum - R&amp;R Group","og_description":"Impressum Das sind die Verantwortlichen Alles auf einen Blick Rechtlicher Hinweis Die Informationen auf dieser Homepage werden mit Sorgfalt zusammengestellt und regelm\u00e4\u00dfig aktualisiert. Die Firmen der Rottler und R\u00fcdiger und Partner GmbH \u00fcbernehmen dennoch keine Haftung f\u00fcr \u00dcbertragungsfehler oder Garantie f\u00fcr die Aktualit\u00e4t, Richtigkeit und Vollst\u00e4ndigkeit der Angaben. Links F\u00fcr die Inhalte der Internetseiten, auf [&hellip;]","og_url":"https:\/\/rur-online.com\/en\/impressum\/","og_site_name":"R&amp;R Group","article_modified_time":"2026-01-29T08:35:56+00:00","og_image":[{"url":"https:\/\/rur-online.com\/wp-content\/uploads\/elementor\/thumbs\/9001_eng_tc_p_graustufen-pqz06udaxghy1tg8ieylyrgl27h6fxz7gal7u1a022.png","type":"","width":"","height":""}],"twitter_card":"summary_large_image","twitter_misc":{"Estimated reading time":"2 minutes"},"schema":{"@context":"https:\/\/schema.org","@graph":[{"@type":"WebPage","@id":"https:\/\/rur-online.com\/impressum\/","url":"https:\/\/rur-online.com\/impressum\/","name":"Impressum - R&amp;R Group","isPartOf":{"@id":"https:\/\/rur-online.com\/#website"},"primaryImageOfPage":{"@id":"https:\/\/rur-online.com\/impressum\/#primaryimage"},"image":{"@id":"https:\/\/rur-online.com\/impressum\/#primaryimage"},"thumbnailUrl":"https:\/\/rur-online.com\/wp-content\/uploads\/elementor\/thumbs\/9001_eng_tc_p_graustufen-pqz06udaxghy1tg8ieylyrgl27h6fxz7gal7u1a022.png","datePublished":"2021-07-24T08:02:14+00:00","dateModified":"2026-01-29T08:35:56+00:00","breadcrumb":{"@id":"https:\/\/rur-online.com\/impressum\/#breadcrumb"},"inLanguage":"en-GB","potentialAction":[{"@type":"ReadAction","target":["https:\/\/rur-online.com\/impressum\/"]}]},{"@type":"ImageObject","inLanguage":"en-GB","@id":"https:\/\/rur-online.com\/impressum\/#primaryimage","url":"https:\/\/rur-online.com\/wp-content\/uploads\/elementor\/thumbs\/9001_eng_tc_p_graustufen-pqz06udaxghy1tg8ieylyrgl27h6fxz7gal7u1a022.png","contentUrl":"https:\/\/rur-online.com\/wp-content\/uploads\/elementor\/thumbs\/9001_eng_tc_p_graustufen-pqz06udaxghy1tg8ieylyrgl27h6fxz7gal7u1a022.png"},{"@type":"BreadcrumbList","@id":"https:\/\/rur-online.com\/impressum\/#breadcrumb","itemListElement":[{"@type":"ListItem","position":1,"name":"Home","item":"https:\/\/rur-online.com\/"},{"@type":"ListItem","position":2,"name":"Impressum"}]},{"@type":"WebSite","@id":"https:\/\/rur-online.com\/#website","url":"https:\/\/rur-online.com\/","name":"R&amp;R Group","description":"The competent partner for the insulating glass industry","publisher":{"@id":"https:\/\/rur-online.com\/#organization"},"potentialAction":[{"@type":"SearchAction","target":{"@type":"EntryPoint","urlTemplate":"https:\/\/rur-online.com\/?s={search_term_string}"},"query-input":{"@type":"PropertyValueSpecification","valueRequired":true,"valueName":"search_term_string"}}],"inLanguage":"en-GB"},{"@type":"Organization","@id":"https:\/\/rur-online.com\/#organization","name":"Rottler und R\u00fcdiger und Partner GmbH","url":"https:\/\/rur-online.com\/","logo":{"@type":"ImageObject","inLanguage":"en-GB","@id":"https:\/\/rur-online.com\/#\/schema\/logo\/image\/","url":"https:\/\/rur-online.com\/wp-content\/uploads\/2021\/04\/cropped-cropped-RRPgrossRow.png","contentUrl":"https:\/\/rur-online.com\/wp-content\/uploads\/2021\/04\/cropped-cropped-RRPgrossRow.png","width":400,"height":400,"caption":"Rottler und R\u00fcdiger und Partner GmbH"},"image":{"@id":"https:\/\/rur-online.com\/#\/schema\/logo\/image\/"},"sameAs":["https:\/\/www.instagram.com\/rur_group\/","https:\/\/www.linkedin.com\/company\/7268493"]}]}},"_links":{"self":[{"href":"https:\/\/rur-online.com\/en\/wp-json\/wp\/v2\/pages\/1180","targetHints":{"allow":["GET"]}}],"collection":[{"href":"https:\/\/rur-online.com\/en\/wp-json\/wp\/v2\/pages"}],"about":[{"href":"https:\/\/rur-online.com\/en\/wp-json\/wp\/v2\/types\/page"}],"author":[{"embeddable":true,"href":"https:\/\/rur-online.com\/en\/wp-json\/wp\/v2\/users\/2"}],"replies":[{"embeddable":true,"href":"https:\/\/rur-online.com\/en\/wp-json\/wp\/v2\/comments?post=1180"}],"version-history":[{"count":10,"href":"https:\/\/rur-online.com\/en\/wp-json\/wp\/v2\/pages\/1180\/revisions"}],"predecessor-version":[{"id":6033,"href":"https:\/\/rur-online.com\/en\/wp-json\/wp\/v2\/pages\/1180\/revisions\/6033"}],"wp:attachment":[{"href":"https:\/\/rur-online.com\/en\/wp-json\/wp\/v2\/media?parent=1180"}],"curies":[{"name":"wp","href":"https:\/\/api.w.org\/{rel}","templated":true}]}}