{"id":5932,"date":"2025-10-30T11:44:10","date_gmt":"2025-10-30T10:44:10","guid":{"rendered":"https:\/\/rur-online.com\/?page_id=5932"},"modified":"2026-04-10T10:47:07","modified_gmt":"2026-04-10T08:47:07","slug":"nachhaltigkeit","status":"publish","type":"page","link":"https:\/\/rur-online.com\/en\/nachhaltigkeit\/","title":{"rendered":"Nachhaltigkeit"},"content":{"rendered":"<div data-elementor-type=\"wp-page\" data-elementor-id=\"5932\" class=\"elementor elementor-5932\" data-elementor-post-type=\"page\">\n\t\t\t\t\t\t<header class=\"elementor-section elementor-top-section elementor-element elementor-element-494bd6f elementor-section-height-min-height elementor-section-boxed elementor-section-height-default elementor-section-items-middle\" data-id=\"494bd6f\" data-element_type=\"section\" data-e-type=\"section\" data-settings=\"{&quot;background_background&quot;:&quot;classic&quot;}\">\n\t\t\t\t\t\t\t<div class=\"elementor-background-overlay\"><\/div>\n\t\t\t\t\t\t\t<div class=\"elementor-container elementor-column-gap-default\">\n\t\t\t\t\t<div class=\"elementor-column elementor-col-100 elementor-top-column elementor-element elementor-element-dabe3e8\" data-id=\"dabe3e8\" data-element_type=\"column\" data-e-type=\"column\">\n\t\t\t<div class=\"elementor-widget-wrap elementor-element-populated\">\n\t\t\t\t\t\t<div class=\"elementor-element elementor-element-02f76f2 elementor-widget elementor-widget-heading\" data-id=\"02f76f2\" data-element_type=\"widget\" data-e-type=\"widget\" data-widget_type=\"heading.default\">\n\t\t\t\t<div class=\"elementor-widget-container\">\n\t\t\t\t\t<h1 class=\"elementor-heading-title elementor-size-default\">Nachhaltigkeit<\/h1>\t\t\t\t<\/div>\n\t\t\t\t<\/div>\n\t\t\t\t<div class=\"elementor-element elementor-element-4599d33 elementor-widget elementor-widget-heading\" data-id=\"4599d33\" data-element_type=\"widget\" data-e-type=\"widget\" data-widget_type=\"heading.default\">\n\t\t\t\t<div class=\"elementor-widget-container\">\n\t\t\t\t\t<p class=\"elementor-heading-title elementor-size-default\">Wir k\u00fcmmern uns um unsere Zukunft<\/p>\t\t\t\t<\/div>\n\t\t\t\t<\/div>\n\t\t\t\t\t<\/div>\n\t\t<\/div>\n\t\t\t\t\t<\/div>\n\t\t<\/header>\n\t\t\t\t<section class=\"elementor-section elementor-top-section elementor-element elementor-element-2c397f9 elementor-section-boxed elementor-section-height-default elementor-section-height-default\" data-id=\"2c397f9\" data-element_type=\"section\" data-e-type=\"section\">\n\t\t\t\t\t\t<div class=\"elementor-container elementor-column-gap-default\">\n\t\t\t\t\t<div class=\"elementor-column elementor-col-100 elementor-top-column elementor-element elementor-element-bf63064\" data-id=\"bf63064\" data-element_type=\"column\" data-e-type=\"column\">\n\t\t\t<div class=\"elementor-widget-wrap elementor-element-populated\">\n\t\t\t\t\t\t<div class=\"elementor-element elementor-element-618ec5e elementor-invisible elementor-widget elementor-widget-heading\" data-id=\"618ec5e\" data-element_type=\"widget\" data-e-type=\"widget\" data-settings=\"{&quot;_animation&quot;:&quot;fadeInUp&quot;}\" data-widget_type=\"heading.default\">\n\t\t\t\t<div class=\"elementor-widget-container\">\n\t\t\t\t\t<h2 class=\"elementor-heading-title elementor-size-default\">...viel mehr als nur recyclen!<\/h2>\t\t\t\t<\/div>\n\t\t\t\t<\/div>\n\t\t\t\t\t<\/div>\n\t\t<\/div>\n\t\t\t\t\t<\/div>\n\t\t<\/section>\n\t\t\t\t<section class=\"elementor-section elementor-top-section elementor-element elementor-element-853d00d elementor-section-boxed elementor-section-height-default elementor-section-height-default\" data-id=\"853d00d\" data-element_type=\"section\" data-e-type=\"section\">\n\t\t\t\t\t\t<div class=\"elementor-container elementor-column-gap-default\">\n\t\t\t\t\t<div class=\"elementor-column elementor-col-100 elementor-top-column elementor-element elementor-element-84b1c34\" data-id=\"84b1c34\" data-element_type=\"column\" data-e-type=\"column\">\n\t\t\t<div class=\"elementor-widget-wrap elementor-element-populated\">\n\t\t\t\t\t\t<div class=\"elementor-element elementor-element-77c1ff4 elementor-widget elementor-widget-image\" data-id=\"77c1ff4\" data-element_type=\"widget\" data-e-type=\"widget\" data-widget_type=\"image.default\">\n\t\t\t\t<div class=\"elementor-widget-container\">\n\t\t\t\t\t\t\t\t\t\t\t\t\t\t\t<img fetchpriority=\"high\" decoding=\"async\" width=\"1024\" height=\"504\" src=\"https:\/\/rur-online.com\/wp-content\/uploads\/2025\/10\/Nachhaltigkeit-1024x504.jpg\" class=\"attachment-large size-large wp-image-5935\" alt=\"\" srcset=\"https:\/\/rur-online.com\/wp-content\/uploads\/2025\/10\/Nachhaltigkeit-1024x504.jpg 1024w, https:\/\/rur-online.com\/wp-content\/uploads\/2025\/10\/Nachhaltigkeit-300x148.jpg 300w, https:\/\/rur-online.com\/wp-content\/uploads\/2025\/10\/Nachhaltigkeit-768x378.jpg 768w, https:\/\/rur-online.com\/wp-content\/uploads\/2025\/10\/Nachhaltigkeit-18x9.jpg 18w, https:\/\/rur-online.com\/wp-content\/uploads\/2025\/10\/Nachhaltigkeit.jpg 1218w\" sizes=\"(max-width: 1024px) 100vw, 1024px\" \/>\t\t\t\t\t\t\t\t\t\t\t\t\t\t\t<\/div>\n\t\t\t\t<\/div>\n\t\t\t\t\t<\/div>\n\t\t<\/div>\n\t\t\t\t\t<\/div>\n\t\t<\/section>\n\t\t\t\t<section class=\"elementor-section elementor-top-section elementor-element elementor-element-919b674 elementor-section-boxed elementor-section-height-default elementor-section-height-default\" data-id=\"919b674\" data-element_type=\"section\" data-e-type=\"section\">\n\t\t\t\t\t\t<div class=\"elementor-container elementor-column-gap-default\">\n\t\t\t\t\t<div class=\"elementor-column elementor-col-100 elementor-top-column elementor-element elementor-element-5de9a93\" data-id=\"5de9a93\" data-element_type=\"column\" data-e-type=\"column\">\n\t\t\t<div class=\"elementor-widget-wrap elementor-element-populated\">\n\t\t\t\t\t\t<div class=\"elementor-element elementor-element-d8e49c2 elementor-widget elementor-widget-text-editor\" data-id=\"d8e49c2\" data-element_type=\"widget\" data-e-type=\"widget\" data-widget_type=\"text-editor.default\">\n\t\t\t\t<div class=\"elementor-widget-container\">\n\t\t\t\t\t\t\t\t\t<p>Nachhaltigkeit hat viele Facetten und sollte f\u00fcr jeden eine Priorit\u00e4t sein. \u00d6kologisch, \u00f6konomisch und sozial &#8211;<br \/>wir setzen uns f\u00fcr unsere Zukunft ein!<br \/>Das beginnt mit kleinen Beitr\u00e4gen, die unserer Umwelt guttun, wie die Verwendung regionaler Produkte oder einer gelebte &#8222;think before you print&#8220;-Politik. Es geht weiter mit hauseigenen Wall Boxes, an denen unsere MitarbeiterInnen kostenfrei ihre E-Autos laden k\u00f6nnen, aus denen mittlerweile ein Gro\u00dfteil unseres Fuhrparks besteht sowie einem umfangreichen Bike-Leasing-Programm, das die Hemmschwelle abbaut, mit dem Fahrrad in die Arbeit zu kommen.\u00a0<br \/>Wir fertigen Bauteile selbst vor Ort und sparen so Transport und Ressourcen. Wir f\u00f6rdern ein harmonisches Arbeitsumfeld und helfen unseren MitarbeiternInnen, sich weiterzuentwickeln, um eine langfristige und gesunde Arbeitsumgebung anbieten zu k\u00f6nnen. So schauen wir stolz auf eine gewachsene R&amp;R Familie, die gerne hier zusammen kommt.<\/p>\t\t\t\t\t\t\t\t<\/div>\n\t\t\t\t<\/div>\n\t\t\t\t\t<\/div>\n\t\t<\/div>\n\t\t\t\t\t<\/div>\n\t\t<\/section>\n\t\t\t\t<section class=\"elementor-section elementor-top-section elementor-element elementor-element-07f30e0 envato-kit-141-top-0 elementor-reverse-mobile elementor-section-full_width elementor-section-height-default elementor-section-height-default\" data-id=\"07f30e0\" data-element_type=\"section\" data-e-type=\"section\" data-settings=\"{&quot;background_background&quot;:&quot;gradient&quot;}\">\n\t\t\t\t\t\t\t<div class=\"elementor-background-overlay\"><\/div>\n\t\t\t\t\t\t\t<div class=\"elementor-container elementor-column-gap-wider\">\n\t\t\t\t\t<div class=\"elementor-column elementor-col-25 elementor-top-column elementor-element elementor-element-52fae09\" data-id=\"52fae09\" data-element_type=\"column\" data-e-type=\"column\" data-settings=\"{&quot;background_background&quot;:&quot;classic&quot;}\">\n\t\t\t<div class=\"elementor-widget-wrap elementor-element-populated\">\n\t\t\t\t\t\t<div class=\"elementor-element elementor-element-4934063 elementor-invisible elementor-widget elementor-widget-text-editor\" data-id=\"4934063\" data-element_type=\"widget\" data-e-type=\"widget\" data-settings=\"{&quot;_animation&quot;:&quot;fadeIn&quot;,&quot;_animation_delay&quot;:100}\" data-widget_type=\"text-editor.default\">\n\t\t\t\t<div class=\"elementor-widget-container\">\n\t\t\t\t\t\t\t\t\t<p>\u00a9 2026, Rottler und R\u00fcdiger und Partner GmbH. All rights reserved.<\/p>\t\t\t\t\t\t\t\t<\/div>\n\t\t\t\t<\/div>\n\t\t\t\t\t<\/div>\n\t\t<\/div>\n\t\t\t\t<div class=\"elementor-column elementor-col-25 elementor-top-column elementor-element elementor-element-7a3e9cc\" data-id=\"7a3e9cc\" data-element_type=\"column\" data-e-type=\"column\" data-settings=\"{&quot;background_background&quot;:&quot;classic&quot;}\">\n\t\t\t<div class=\"elementor-widget-wrap elementor-element-populated\">\n\t\t\t\t\t\t<div class=\"elementor-element elementor-element-91fdfd4 elementor-shape-rounded elementor-grid-0 e-grid-align-center elementor-widget elementor-widget-social-icons\" data-id=\"91fdfd4\" data-element_type=\"widget\" data-e-type=\"widget\" data-widget_type=\"social-icons.default\">\n\t\t\t\t<div class=\"elementor-widget-container\">\n\t\t\t\t\t\t\t<div class=\"elementor-social-icons-wrapper elementor-grid\" role=\"list\">\n\t\t\t\t\t\t\t<span class=\"elementor-grid-item\" role=\"listitem\">\n\t\t\t\t\t<a class=\"elementor-icon elementor-social-icon elementor-social-icon-instagram elementor-repeater-item-6d245b2\" href=\"https:\/\/www.instagram.com\/rur_group\/\" target=\"_blank\">\n\t\t\t\t\t\t<span class=\"elementor-screen-only\">Instagram<\/span>\n\t\t\t\t\t\t<i aria-hidden=\"true\" class=\"fab fa-instagram\"><\/i>\t\t\t\t\t<\/a>\n\t\t\t\t<\/span>\n\t\t\t\t\t\t\t<span class=\"elementor-grid-item\" role=\"listitem\">\n\t\t\t\t\t<a class=\"elementor-icon elementor-social-icon elementor-social-icon-linkedin elementor-repeater-item-df08c98\" href=\"https:\/\/www.linkedin.com\/company\/7268493\" target=\"_blank\">\n\t\t\t\t\t\t<span class=\"elementor-screen-only\">Linkedin<\/span>\n\t\t\t\t\t\t<i aria-hidden=\"true\" class=\"fab fa-linkedin\"><\/i>\t\t\t\t\t<\/a>\n\t\t\t\t<\/span>\n\t\t\t\t\t\t\t<span class=\"elementor-grid-item\" role=\"listitem\">\n\t\t\t\t\t<a class=\"elementor-icon elementor-social-icon elementor-social-icon-vimeo elementor-repeater-item-1038874\" href=\"https:\/\/vimeo.com\/rottlerruediger\" target=\"_blank\">\n\t\t\t\t\t\t<span class=\"elementor-screen-only\">Vimeo<\/span>\n\t\t\t\t\t\t<i aria-hidden=\"true\" class=\"fab fa-vimeo\"><\/i>\t\t\t\t\t<\/a>\n\t\t\t\t<\/span>\n\t\t\t\t\t<\/div>\n\t\t\t\t\t\t<\/div>\n\t\t\t\t<\/div>\n\t\t\t\t\t<\/div>\n\t\t<\/div>\n\t\t\t\t<div class=\"elementor-column elementor-col-25 elementor-top-column elementor-element elementor-element-bfbc32a\" data-id=\"bfbc32a\" data-element_type=\"column\" data-e-type=\"column\" data-settings=\"{&quot;background_background&quot;:&quot;classic&quot;}\">\n\t\t\t<div class=\"elementor-widget-wrap elementor-element-populated\">\n\t\t\t\t\t\t<div class=\"elementor-element elementor-element-50e13ef elementor-icon-list--layout-inline elementor-align-center elementor-mobile-align-center elementor-list-item-link-full_width elementor-invisible elementor-widget elementor-widget-icon-list\" data-id=\"50e13ef\" data-element_type=\"widget\" data-e-type=\"widget\" data-settings=\"{&quot;_animation&quot;:&quot;fadeIn&quot;,&quot;_animation_delay&quot;:300}\" data-widget_type=\"icon-list.default\">\n\t\t\t\t<div class=\"elementor-widget-container\">\n\t\t\t\t\t\t\t<ul class=\"elementor-icon-list-items elementor-inline-items\">\n\t\t\t\t\t\t\t<li class=\"elementor-icon-list-item elementor-inline-item\">\n\t\t\t\t\t\t\t\t\t\t\t<a href=\"https:\/\/rur-online.com\/en\/impressum\/\">\n\n\t\t\t\t\t\t\t\t\t\t\t<span class=\"elementor-icon-list-text\">Legal notice<\/span>\n\t\t\t\t\t\t\t\t\t\t\t<\/a>\n\t\t\t\t\t\t\t\t\t<\/li>\n\t\t\t\t\t\t\t\t<li class=\"elementor-icon-list-item elementor-inline-item\">\n\t\t\t\t\t\t\t\t\t\t\t<a href=\"https:\/\/rur-online.com\/en\/datenschutz\/\">\n\n\t\t\t\t\t\t\t\t\t\t\t<span class=\"elementor-icon-list-text\">Privacy Policy<\/span>\n\t\t\t\t\t\t\t\t\t\t\t<\/a>\n\t\t\t\t\t\t\t\t\t<\/li>\n\t\t\t\t\t\t\t\t<li class=\"elementor-icon-list-item elementor-inline-item\">\n\t\t\t\t\t\t\t\t\t\t\t<a href=\"https:\/\/rur-online.com\/en\/agb\/\">\n\n\t\t\t\t\t\t\t\t\t\t\t<span class=\"elementor-icon-list-text\">Terms and Conditions<\/span>\n\t\t\t\t\t\t\t\t\t\t\t<\/a>\n\t\t\t\t\t\t\t\t\t<\/li>\n\t\t\t\t\t\t<\/ul>\n\t\t\t\t\t\t<\/div>\n\t\t\t\t<\/div>\n\t\t\t\t\t<\/div>\n\t\t<\/div>\n\t\t\t\t<div class=\"elementor-column elementor-col-25 elementor-top-column elementor-element elementor-element-6a78e70\" data-id=\"6a78e70\" data-element_type=\"column\" data-e-type=\"column\">\n\t\t\t<div class=\"elementor-widget-wrap elementor-element-populated\">\n\t\t\t\t\t\t<div class=\"elementor-element elementor-element-49440ae elementor-widget elementor-widget-image\" data-id=\"49440ae\" data-element_type=\"widget\" data-e-type=\"widget\" data-widget_type=\"image.default\">\n\t\t\t\t<div class=\"elementor-widget-container\">\n\t\t\t\t\t\t\t\t\t\t\t\t\t\t\t<img decoding=\"async\" src=\"https:\/\/rur-online.com\/wp-content\/uploads\/elementor\/thumbs\/9001_eng_tc_p_graustufen-pqz06udaxghy1tg8ieylyrgl27h6fxz7gal7u1a022.png\" title=\"Dekra Zertifizierung Icon\" alt=\"Icon der Dekra Zertifizierung\" loading=\"lazy\" \/>\t\t\t\t\t\t\t\t\t\t\t\t\t\t\t<\/div>\n\t\t\t\t<\/div>\n\t\t\t\t\t<\/div>\n\t\t<\/div>\n\t\t\t\t\t<\/div>\n\t\t<\/section>\n\t\t\t\t<\/div>","protected":false},"excerpt":{"rendered":"<p>Nachhaltigkeit Wir k\u00fcmmern uns um unsere Zukunft &#8230;viel mehr als nur recyclen! Nachhaltigkeit hat viele Facetten und sollte f\u00fcr jeden eine Priorit\u00e4t sein. \u00d6kologisch, \u00f6konomisch und sozial &#8211;wir setzen uns f\u00fcr unsere Zukunft ein!Das beginnt mit kleinen Beitr\u00e4gen, die unserer Umwelt guttun, wie die Verwendung regionaler Produkte oder einer gelebte &#8222;think before you print&#8220;-Politik. Es [&hellip;]<\/p>\n","protected":false},"author":2,"featured_media":0,"parent":0,"menu_order":0,"comment_status":"closed","ping_status":"closed","template":"","meta":{"ocean_post_layout":"full-screen","ocean_both_sidebars_style":"","ocean_both_sidebars_content_width":0,"ocean_both_sidebars_sidebars_width":0,"ocean_sidebar":"","ocean_second_sidebar":"","ocean_disable_margins":"enable","ocean_add_body_class":"","ocean_shortcode_before_top_bar":"","ocean_shortcode_after_top_bar":"","ocean_shortcode_before_header":"","ocean_shortcode_after_header":"","ocean_has_shortcode":"","ocean_shortcode_after_title":"","ocean_shortcode_before_footer_widgets":"","ocean_shortcode_after_footer_widgets":"","ocean_shortcode_before_footer_bottom":"","ocean_shortcode_after_footer_bottom":"","ocean_display_top_bar":"on","ocean_display_header":"on","ocean_header_style":"","ocean_center_header_left_menu":"","ocean_custom_header_template":"","ocean_custom_logo":0,"ocean_custom_retina_logo":0,"ocean_custom_logo_max_width":0,"ocean_custom_logo_tablet_max_width":0,"ocean_custom_logo_mobile_max_width":0,"ocean_custom_logo_max_height":0,"ocean_custom_logo_tablet_max_height":0,"ocean_custom_logo_mobile_max_height":0,"ocean_header_custom_menu":"","ocean_menu_typo_font_family":"","ocean_menu_typo_font_subset":"","ocean_menu_typo_font_size":0,"ocean_menu_typo_font_size_tablet":0,"ocean_menu_typo_font_size_mobile":0,"ocean_menu_typo_font_size_unit":"px","ocean_menu_typo_font_weight":"","ocean_menu_typo_font_weight_tablet":"","ocean_menu_typo_font_weight_mobile":"","ocean_menu_typo_transform":"","ocean_menu_typo_transform_tablet":"","ocean_menu_typo_transform_mobile":"","ocean_menu_typo_line_height":0,"ocean_menu_typo_line_height_tablet":0,"ocean_menu_typo_line_height_mobile":0,"ocean_menu_typo_line_height_unit":"","ocean_menu_typo_spacing":0,"ocean_menu_typo_spacing_tablet":0,"ocean_menu_typo_spacing_mobile":0,"ocean_menu_typo_spacing_unit":"","ocean_menu_link_color":"","ocean_menu_link_color_hover":"","ocean_menu_link_color_active":"","ocean_menu_link_background":"","ocean_menu_link_hover_background":"","ocean_menu_link_active_background":"","ocean_menu_social_links_bg":"","ocean_menu_social_hover_links_bg":"","ocean_menu_social_links_color":"","ocean_menu_social_hover_links_color":"","ocean_disable_title":"on","ocean_disable_heading":"default","ocean_post_title":"","ocean_post_subheading":"","ocean_post_title_style":"","ocean_post_title_background_color":"","ocean_post_title_background":0,"ocean_post_title_bg_image_position":"","ocean_post_title_bg_image_attachment":"","ocean_post_title_bg_image_repeat":"","ocean_post_title_bg_image_size":"","ocean_post_title_height":0,"ocean_post_title_bg_overlay":0.5,"ocean_post_title_bg_overlay_color":"","ocean_disable_breadcrumbs":"default","ocean_breadcrumbs_color":"","ocean_breadcrumbs_separator_color":"","ocean_breadcrumbs_links_color":"","ocean_breadcrumbs_links_hover_color":"","ocean_display_footer_widgets":"off","ocean_display_footer_bottom":"default","ocean_custom_footer_template":"","footnotes":""},"class_list":["post-5932","page","type-page","status-publish","hentry","entry"],"yoast_head":"<!-- This site is optimized with the Yoast SEO plugin v27.4 - https:\/\/yoast.com\/product\/yoast-seo-wordpress\/ -->\n<title>Nachhaltigkeit - R&amp;R Group<\/title>\n<meta name=\"robots\" content=\"index, follow, max-snippet:-1, max-image-preview:large, max-video-preview:-1\" \/>\n<link rel=\"canonical\" href=\"https:\/\/rur-online.com\/en\/nachhaltigkeit\/\" \/>\n<meta property=\"og:locale\" content=\"en_GB\" \/>\n<meta property=\"og:type\" content=\"article\" \/>\n<meta property=\"og:title\" content=\"Nachhaltigkeit - R&amp;R Group\" \/>\n<meta property=\"og:description\" content=\"Nachhaltigkeit Wir k\u00fcmmern uns um unsere Zukunft &#8230;viel mehr als nur recyclen! Nachhaltigkeit hat viele Facetten und sollte f\u00fcr jeden eine Priorit\u00e4t sein. \u00d6kologisch, \u00f6konomisch und sozial &#8211;wir setzen uns f\u00fcr unsere Zukunft ein!Das beginnt mit kleinen Beitr\u00e4gen, die unserer Umwelt guttun, wie die Verwendung regionaler Produkte oder einer gelebte &#8222;think before you print&#8220;-Politik. Es [&hellip;]\" \/>\n<meta property=\"og:url\" content=\"https:\/\/rur-online.com\/en\/nachhaltigkeit\/\" \/>\n<meta property=\"og:site_name\" content=\"R&amp;R Group\" \/>\n<meta property=\"article:modified_time\" content=\"2026-04-10T08:47:07+00:00\" \/>\n<meta property=\"og:image\" content=\"https:\/\/rur-online.com\/wp-content\/uploads\/2025\/10\/Nachhaltigkeit.jpg\" \/>\n\t<meta property=\"og:image:width\" content=\"1218\" \/>\n\t<meta property=\"og:image:height\" content=\"599\" \/>\n\t<meta property=\"og:image:type\" content=\"image\/jpeg\" \/>\n<meta name=\"twitter:card\" content=\"summary_large_image\" \/>\n<meta name=\"twitter:label1\" content=\"Estimated reading time\" \/>\n\t<meta name=\"twitter:data1\" content=\"2 minutes\" \/>\n<script type=\"application\/ld+json\" class=\"yoast-schema-graph\">{\"@context\":\"https:\\\/\\\/schema.org\",\"@graph\":[{\"@type\":\"WebPage\",\"@id\":\"https:\\\/\\\/rur-online.com\\\/nachhaltigkeit\\\/\",\"url\":\"https:\\\/\\\/rur-online.com\\\/nachhaltigkeit\\\/\",\"name\":\"Nachhaltigkeit - R&amp;R Group\",\"isPartOf\":{\"@id\":\"https:\\\/\\\/rur-online.com\\\/#website\"},\"primaryImageOfPage\":{\"@id\":\"https:\\\/\\\/rur-online.com\\\/nachhaltigkeit\\\/#primaryimage\"},\"image\":{\"@id\":\"https:\\\/\\\/rur-online.com\\\/nachhaltigkeit\\\/#primaryimage\"},\"thumbnailUrl\":\"https:\\\/\\\/rur-online.com\\\/wp-content\\\/uploads\\\/2025\\\/10\\\/Nachhaltigkeit-1024x504.jpg\",\"datePublished\":\"2025-10-30T10:44:10+00:00\",\"dateModified\":\"2026-04-10T08:47:07+00:00\",\"breadcrumb\":{\"@id\":\"https:\\\/\\\/rur-online.com\\\/nachhaltigkeit\\\/#breadcrumb\"},\"inLanguage\":\"en-GB\",\"potentialAction\":[{\"@type\":\"ReadAction\",\"target\":[\"https:\\\/\\\/rur-online.com\\\/nachhaltigkeit\\\/\"]}]},{\"@type\":\"ImageObject\",\"inLanguage\":\"en-GB\",\"@id\":\"https:\\\/\\\/rur-online.com\\\/nachhaltigkeit\\\/#primaryimage\",\"url\":\"https:\\\/\\\/rur-online.com\\\/wp-content\\\/uploads\\\/2025\\\/10\\\/Nachhaltigkeit-1024x504.jpg\",\"contentUrl\":\"https:\\\/\\\/rur-online.com\\\/wp-content\\\/uploads\\\/2025\\\/10\\\/Nachhaltigkeit-1024x504.jpg\"},{\"@type\":\"BreadcrumbList\",\"@id\":\"https:\\\/\\\/rur-online.com\\\/nachhaltigkeit\\\/#breadcrumb\",\"itemListElement\":[{\"@type\":\"ListItem\",\"position\":1,\"name\":\"Home\",\"item\":\"https:\\\/\\\/rur-online.com\\\/\"},{\"@type\":\"ListItem\",\"position\":2,\"name\":\"Nachhaltigkeit\"}]},{\"@type\":\"WebSite\",\"@id\":\"https:\\\/\\\/rur-online.com\\\/#website\",\"url\":\"https:\\\/\\\/rur-online.com\\\/\",\"name\":\"R&amp;R Group\",\"description\":\"Der kompetente Partner f\u00fcr die Isolierglasindustrie\",\"publisher\":{\"@id\":\"https:\\\/\\\/rur-online.com\\\/#organization\"},\"potentialAction\":[{\"@type\":\"SearchAction\",\"target\":{\"@type\":\"EntryPoint\",\"urlTemplate\":\"https:\\\/\\\/rur-online.com\\\/?s={search_term_string}\"},\"query-input\":{\"@type\":\"PropertyValueSpecification\",\"valueRequired\":true,\"valueName\":\"search_term_string\"}}],\"inLanguage\":\"en-GB\"},{\"@type\":\"Organization\",\"@id\":\"https:\\\/\\\/rur-online.com\\\/#organization\",\"name\":\"Rottler und R\u00fcdiger und Partner GmbH\",\"url\":\"https:\\\/\\\/rur-online.com\\\/\",\"logo\":{\"@type\":\"ImageObject\",\"inLanguage\":\"en-GB\",\"@id\":\"https:\\\/\\\/rur-online.com\\\/#\\\/schema\\\/logo\\\/image\\\/\",\"url\":\"https:\\\/\\\/rur-online.com\\\/wp-content\\\/uploads\\\/2021\\\/04\\\/cropped-cropped-RRPgrossRow.png\",\"contentUrl\":\"https:\\\/\\\/rur-online.com\\\/wp-content\\\/uploads\\\/2021\\\/04\\\/cropped-cropped-RRPgrossRow.png\",\"width\":400,\"height\":400,\"caption\":\"Rottler und R\u00fcdiger und Partner GmbH\"},\"image\":{\"@id\":\"https:\\\/\\\/rur-online.com\\\/#\\\/schema\\\/logo\\\/image\\\/\"},\"sameAs\":[\"https:\\\/\\\/www.instagram.com\\\/rur_group\\\/\",\"https:\\\/\\\/www.linkedin.com\\\/company\\\/7268493\"]}]}<\/script>\n<!-- \/ Yoast SEO plugin. -->","yoast_head_json":{"title":"Nachhaltigkeit - R&amp;R Group","robots":{"index":"index","follow":"follow","max-snippet":"max-snippet:-1","max-image-preview":"max-image-preview:large","max-video-preview":"max-video-preview:-1"},"canonical":"https:\/\/rur-online.com\/en\/nachhaltigkeit\/","og_locale":"en_GB","og_type":"article","og_title":"Nachhaltigkeit - R&amp;R Group","og_description":"Nachhaltigkeit Wir k\u00fcmmern uns um unsere Zukunft &#8230;viel mehr als nur recyclen! Nachhaltigkeit hat viele Facetten und sollte f\u00fcr jeden eine Priorit\u00e4t sein. \u00d6kologisch, \u00f6konomisch und sozial &#8211;wir setzen uns f\u00fcr unsere Zukunft ein!Das beginnt mit kleinen Beitr\u00e4gen, die unserer Umwelt guttun, wie die Verwendung regionaler Produkte oder einer gelebte &#8222;think before you print&#8220;-Politik. Es [&hellip;]","og_url":"https:\/\/rur-online.com\/en\/nachhaltigkeit\/","og_site_name":"R&amp;R Group","article_modified_time":"2026-04-10T08:47:07+00:00","og_image":[{"width":1218,"height":599,"url":"https:\/\/rur-online.com\/wp-content\/uploads\/2025\/10\/Nachhaltigkeit.jpg","type":"image\/jpeg"}],"twitter_card":"summary_large_image","twitter_misc":{"Estimated reading time":"2 minutes"},"schema":{"@context":"https:\/\/schema.org","@graph":[{"@type":"WebPage","@id":"https:\/\/rur-online.com\/nachhaltigkeit\/","url":"https:\/\/rur-online.com\/nachhaltigkeit\/","name":"Nachhaltigkeit - R&amp;R Group","isPartOf":{"@id":"https:\/\/rur-online.com\/#website"},"primaryImageOfPage":{"@id":"https:\/\/rur-online.com\/nachhaltigkeit\/#primaryimage"},"image":{"@id":"https:\/\/rur-online.com\/nachhaltigkeit\/#primaryimage"},"thumbnailUrl":"https:\/\/rur-online.com\/wp-content\/uploads\/2025\/10\/Nachhaltigkeit-1024x504.jpg","datePublished":"2025-10-30T10:44:10+00:00","dateModified":"2026-04-10T08:47:07+00:00","breadcrumb":{"@id":"https:\/\/rur-online.com\/nachhaltigkeit\/#breadcrumb"},"inLanguage":"en-GB","potentialAction":[{"@type":"ReadAction","target":["https:\/\/rur-online.com\/nachhaltigkeit\/"]}]},{"@type":"ImageObject","inLanguage":"en-GB","@id":"https:\/\/rur-online.com\/nachhaltigkeit\/#primaryimage","url":"https:\/\/rur-online.com\/wp-content\/uploads\/2025\/10\/Nachhaltigkeit-1024x504.jpg","contentUrl":"https:\/\/rur-online.com\/wp-content\/uploads\/2025\/10\/Nachhaltigkeit-1024x504.jpg"},{"@type":"BreadcrumbList","@id":"https:\/\/rur-online.com\/nachhaltigkeit\/#breadcrumb","itemListElement":[{"@type":"ListItem","position":1,"name":"Home","item":"https:\/\/rur-online.com\/"},{"@type":"ListItem","position":2,"name":"Nachhaltigkeit"}]},{"@type":"WebSite","@id":"https:\/\/rur-online.com\/#website","url":"https:\/\/rur-online.com\/","name":"R&amp;R Group","description":"The competent partner for the insulating glass industry","publisher":{"@id":"https:\/\/rur-online.com\/#organization"},"potentialAction":[{"@type":"SearchAction","target":{"@type":"EntryPoint","urlTemplate":"https:\/\/rur-online.com\/?s={search_term_string}"},"query-input":{"@type":"PropertyValueSpecification","valueRequired":true,"valueName":"search_term_string"}}],"inLanguage":"en-GB"},{"@type":"Organization","@id":"https:\/\/rur-online.com\/#organization","name":"Rottler und R\u00fcdiger und Partner GmbH","url":"https:\/\/rur-online.com\/","logo":{"@type":"ImageObject","inLanguage":"en-GB","@id":"https:\/\/rur-online.com\/#\/schema\/logo\/image\/","url":"https:\/\/rur-online.com\/wp-content\/uploads\/2021\/04\/cropped-cropped-RRPgrossRow.png","contentUrl":"https:\/\/rur-online.com\/wp-content\/uploads\/2021\/04\/cropped-cropped-RRPgrossRow.png","width":400,"height":400,"caption":"Rottler und R\u00fcdiger und Partner GmbH"},"image":{"@id":"https:\/\/rur-online.com\/#\/schema\/logo\/image\/"},"sameAs":["https:\/\/www.instagram.com\/rur_group\/","https:\/\/www.linkedin.com\/company\/7268493"]}]}},"_links":{"self":[{"href":"https:\/\/rur-online.com\/en\/wp-json\/wp\/v2\/pages\/5932","targetHints":{"allow":["GET"]}}],"collection":[{"href":"https:\/\/rur-online.com\/en\/wp-json\/wp\/v2\/pages"}],"about":[{"href":"https:\/\/rur-online.com\/en\/wp-json\/wp\/v2\/types\/page"}],"author":[{"embeddable":true,"href":"https:\/\/rur-online.com\/en\/wp-json\/wp\/v2\/users\/2"}],"replies":[{"embeddable":true,"href":"https:\/\/rur-online.com\/en\/wp-json\/wp\/v2\/comments?post=5932"}],"version-history":[{"count":10,"href":"https:\/\/rur-online.com\/en\/wp-json\/wp\/v2\/pages\/5932\/revisions"}],"predecessor-version":[{"id":6186,"href":"https:\/\/rur-online.com\/en\/wp-json\/wp\/v2\/pages\/5932\/revisions\/6186"}],"wp:attachment":[{"href":"https:\/\/rur-online.com\/en\/wp-json\/wp\/v2\/media?parent=5932"}],"curies":[{"name":"wp","href":"https:\/\/api.w.org\/{rel}","templated":true}]}}